{"id":88,"date":"2023-03-01T14:03:52","date_gmt":"2023-03-01T13:03:52","guid":{"rendered":"https:\/\/www.sascoexperience.com\/?page_id=88"},"modified":"2023-11-05T17:42:42","modified_gmt":"2023-11-05T16:42:42","slug":"cookies-policy","status":"publish","type":"page","link":"https:\/\/www.sascoexperience.com\/en\/politica-de-cookies\/","title":{"rendered":"Cookie Policy"},"content":{"rendered":"<p>This website uses cookies. Here&#039;s what cookies are and how we use them on our website. You can change your cookie preferences at any time:<\/p>\n<p style=\"text-align: center;\"><a href=\"#\" class=\"_brlbs-btn-cookie-preference borlabs-cookie-preference\">Cookie preferences<\/a><\/p>\n<hr \/>\n<p>In compliance with Law 34\/2002, of July 11, on Information Society Services and Electronic Commerce, we inform you that this website, like most websites on the Internet, uses Cookies to improve and optimize the user experience.<\/p>\n<p>Below you will find detailed information about what Cookies are, what types this website uses, how to change your cookie settings, and what happens if you disable Cookies.<\/p>\n<h2>What are Cookies?<\/h2>\n<p>A cookie is a small file that is downloaded to the user&#039;s computer for the purpose of storing data, which can be updated and retrieved by the entity responsible for its installation.<\/p>\n<h2>What type of Cookies does this website use?<\/h2>\n<p>Below is a table with the Cookies used on this website. You can find out about transfers to third countries that, where applicable, are carried out by the third parties identified in this cookie policy in their corresponding policies.<\/p>\n<div class=\"BorlabsCookie\"><h3 class=\"_brlbs _brlbs-cg-essential\">Essential<\/h3><p class=\"_brlbs _brlbs-cg-essential\">Essential cookies enable basic functions and are necessary for the proper functioning of the website.<\/p><h4 class=\"_brlbs _brlbs-c-borlabs-cookie\">Borlabs Cookie<\/h4><div class=\"_brlbs-responsive-table\"><table class=\"_brlbs _brlbs-c-borlabs-cookie\"><tr><th scope=\"row\">Name<\/th><td>Borlabs Cookie<\/td><\/tr><tr><th scope=\"row\">Supplier<\/th><td>Owner of this website<span>, <\/span><a href=\"https:\/\/www.sascoexperience.com\/en\/legal-notice\/\">Legal notice<\/a><\/td><\/tr><tr><th scope=\"row\">Purpose<\/th><td>Saves the visitors preferences selected in the Cookie Box of Borlabs Cookie.<\/td><\/tr><tr><th scope=\"row\">Name of the cookie<\/th><td>borlabs-cookie<\/td><\/tr><tr><th scope=\"row\">Cookie expiration<\/th><td>1 year<\/td><\/tr><\/table><\/div><h3 class=\"_brlbs _brlbs-cg-statistics\">Statistics<\/h3><p class=\"_brlbs _brlbs-cg-statistics\">Statistics cookies collect information anonymously. This information helps us understand how our visitors use our website.<\/p><h3 class=\"_brlbs _brlbs-cg-external-media\">External media<\/h3><p class=\"_brlbs _brlbs-cg-external-media\">Content from video platforms and social media platforms is blocked by default. If External Media cookies are accepted, access to those contents no longer requires manual consent.<\/p><h4 class=\"_brlbs _brlbs-c-googlemaps\">Google Maps<\/h4><div class=\"_brlbs-responsive-table\"><table class=\"_brlbs _brlbs-c-googlemaps\"><tr><th scope=\"row\">Name<\/th><td>Google Maps<\/td><\/tr><tr><th scope=\"row\">Supplier<\/th><td>Google Ireland Limited, Gordon House, Barrow Street, Dublin 4, Ireland<\/td><\/tr><tr><th scope=\"row\">Purpose<\/th><td>Used to unblock Google Maps content.<\/td><\/tr><tr><th scope=\"row\">Privacy Policy<\/th><td><a href=\"https:\/\/policies.google.com\/privacy?hl=enl=en\" target=\"_blank\" rel=\"nofollow noopener noreferrer\">https:\/\/policies.google.com\/privacy?hl=enl=en<\/a><\/td><\/tr><tr><th scope=\"row\">Host(s)<\/th><td>.google.com<\/td><\/tr><tr><th scope=\"row\">Name of the cookie<\/th><td>NID<\/td><\/tr><tr><th scope=\"row\">Cookie expiration<\/th><td>6 months<\/td><\/tr><\/table><\/div><\/div>\n<h2>How can you configure your Cookies?<\/h2>\n<p>By browsing and continuing on our website, you consent to the use of Cookies under the conditions contained in this Cookie Policy. As a user, you have the option to exercise your right to block, delete and reject the use of Cookies at any time by modifying the options of your browser.<\/p>\n<p>For example:<\/p>\n<ol>\n<li>Internet Explorer: Tools &gt; Internet Options &gt; Privacy &gt; Settings. For more information, you can consult Microsoft support or the browser&#039;s Help.<\/li>\n<li>Mozilla Firefox: Tools &gt; Options &gt; Privacy &gt; History &gt; Custom Settings. For more information, you can consult Mozilla support or the browser&#039;s Help.<\/li>\n<li>Google Chrome: Settings &gt; Show advanced settings &gt; Privacy -&gt; Content settings. For more information, you can consult Google support or the browser&#039;s Help.<\/li>\n<li>Safari: Preferences &gt; Security. For more information, you can consult Apple support or the browser&#039;s Help.<\/li>\n<li>Opera: Settings &gt; Options &gt; Advanced &gt; Cookies For more information, you can consult Opera support or the browser&#039;s Help.<\/li>\n<\/ol>\n<p>If you use a browser other than the above, please consult its policy on installing, using and blocking cookies.<\/p>\n<h2>Your consent history<\/h2>\n<div class=\"BorlabsCookie\" data-borlabs-cookie-consent-history><div class=\"_brlbs-responsive-table\"><table class=\"_brlbs-table\"><thead><tr><th class=\"_brlbs-table-date\" scope=\"col\">Date<\/th><th class=\"_brlbs-table-version\" scope=\"col\">Version<\/th><th class=\"_brlbs-table-consents\" scope=\"col\">Consents<\/th><\/tr><\/thead><\/table><\/div><\/div>\n<h2>What happens if Cookies are disabled?<\/h2>\n<p>Some features of the Services or areas of this website may not function properly.<\/p>\n<h2>Should we update our Cookies policy?<\/h2>\n<p>We may update the Cookies policy on our website, therefore, our lawyers ask us to recommend that you review this policy each time you access our website, in order to be adequately informed about how and why we use Cookies.<\/p>","protected":false},"excerpt":{"rendered":"<p>Esta web utiliza cookies. Aqu\u00ed te explicamos qu\u00e9 son las cookies y c\u00f3mo las usamos en nuestra web. Puedes cambiar tus preferencias de cookies en cualquier momento: En cumplimiento de la Ley 34\/2002, de 11 de julio, de Servicios de la Sociedad de la Informaci\u00f3n y Comercio Electr\u00f3nico, te informamos de que este sitio web, [&hellip;]<\/p>\n","protected":false},"author":1,"featured_media":0,"parent":0,"menu_order":6,"comment_status":"closed","ping_status":"closed","template":"","meta":{"footnotes":""},"class_list":["post-88","page","type-page","status-publish","hentry"],"yoast_head":"<!-- This site is optimized with the Yoast SEO plugin v27.4 - https:\/\/yoast.com\/product\/yoast-seo-wordpress\/ -->\n<title>Pol\u00edtica de cookies - SASCO Experience<\/title>\n<meta name=\"description\" content=\"Pol\u00edtica de cookies de SASCO Experience\" \/>\n<meta name=\"robots\" content=\"index, follow, max-snippet:-1, max-image-preview:large, max-video-preview:-1\" \/>\n<link rel=\"canonical\" href=\"https:\/\/www.sascoexperience.com\/en\/cookies-policy\/\" \/>\n<meta property=\"og:locale\" content=\"en_US\" \/>\n<meta property=\"og:type\" content=\"article\" \/>\n<meta property=\"og:title\" content=\"Pol\u00edtica de cookies - SASCO Experience\" \/>\n<meta property=\"og:description\" content=\"Pol\u00edtica de cookies de SASCO Experience\" \/>\n<meta property=\"og:url\" content=\"https:\/\/www.sascoexperience.com\/en\/cookies-policy\/\" \/>\n<meta property=\"og:site_name\" content=\"SASCO Experience\" \/>\n<meta property=\"article:modified_time\" content=\"2023-11-05T16:42:42+00:00\" \/>\n<meta name=\"twitter:card\" content=\"summary_large_image\" \/>\n<script type=\"application\/ld+json\" class=\"yoast-schema-graph\">{\"@context\":\"https:\\\/\\\/schema.org\",\"@graph\":[{\"@type\":\"WebPage\",\"@id\":\"https:\\\/\\\/www.sascoexperience.com\\\/politica-de-cookies\\\/\",\"url\":\"https:\\\/\\\/www.sascoexperience.com\\\/politica-de-cookies\\\/\",\"name\":\"Pol\u00edtica de cookies - SASCO Experience\",\"isPartOf\":{\"@id\":\"https:\\\/\\\/www.sascoexperience.com\\\/#website\"},\"datePublished\":\"2023-03-01T13:03:52+00:00\",\"dateModified\":\"2023-11-05T16:42:42+00:00\",\"description\":\"Pol\u00edtica de cookies de SASCO Experience\",\"breadcrumb\":{\"@id\":\"https:\\\/\\\/www.sascoexperience.com\\\/politica-de-cookies\\\/#breadcrumb\"},\"inLanguage\":\"en-US\",\"potentialAction\":[{\"@type\":\"ReadAction\",\"target\":[\"https:\\\/\\\/www.sascoexperience.com\\\/politica-de-cookies\\\/\"]}]},{\"@type\":\"BreadcrumbList\",\"@id\":\"https:\\\/\\\/www.sascoexperience.com\\\/politica-de-cookies\\\/#breadcrumb\",\"itemListElement\":[{\"@type\":\"ListItem\",\"position\":1,\"name\":\"Inicio\",\"item\":\"https:\\\/\\\/www.sascoexperience.com\\\/\"},{\"@type\":\"ListItem\",\"position\":2,\"name\":\"Pol\u00edtica de cookies\"}]},{\"@type\":\"WebSite\",\"@id\":\"https:\\\/\\\/www.sascoexperience.com\\\/#website\",\"url\":\"https:\\\/\\\/www.sascoexperience.com\\\/\",\"name\":\"SASCO Experience\",\"description\":\"Venta, reparaci\u00f3n y alquiler de ski &amp; bike\",\"publisher\":{\"@id\":\"https:\\\/\\\/www.sascoexperience.com\\\/#organization\"},\"potentialAction\":[{\"@type\":\"SearchAction\",\"target\":{\"@type\":\"EntryPoint\",\"urlTemplate\":\"https:\\\/\\\/www.sascoexperience.com\\\/?s={search_term_string}\"},\"query-input\":{\"@type\":\"PropertyValueSpecification\",\"valueRequired\":true,\"valueName\":\"search_term_string\"}}],\"inLanguage\":\"en-US\"},{\"@type\":\"Organization\",\"@id\":\"https:\\\/\\\/www.sascoexperience.com\\\/#organization\",\"name\":\"SASCO Experience\",\"url\":\"https:\\\/\\\/www.sascoexperience.com\\\/\",\"logo\":{\"@type\":\"ImageObject\",\"inLanguage\":\"en-US\",\"@id\":\"https:\\\/\\\/www.sascoexperience.com\\\/#\\\/schema\\\/logo\\\/image\\\/\",\"url\":\"https:\\\/\\\/www.sascoexperience.com\\\/wp-content\\\/uploads\\\/2023\\\/12\\\/logocolor.png\",\"contentUrl\":\"https:\\\/\\\/www.sascoexperience.com\\\/wp-content\\\/uploads\\\/2023\\\/12\\\/logocolor.png\",\"width\":1100,\"height\":906,\"caption\":\"SASCO Experience\"},\"image\":{\"@id\":\"https:\\\/\\\/www.sascoexperience.com\\\/#\\\/schema\\\/logo\\\/image\\\/\"},\"sameAs\":[\"https:\\\/\\\/www.instagram.com\\\/sascoexperience\\\/\"]}]}<\/script>\n<!-- \/ Yoast SEO plugin. -->","yoast_head_json":{"title":"Cookie Policy - SASCO Experience","description":"SASCO Experience Cookie Policy","robots":{"index":"index","follow":"follow","max-snippet":"max-snippet:-1","max-image-preview":"max-image-preview:large","max-video-preview":"max-video-preview:-1"},"canonical":"https:\/\/www.sascoexperience.com\/en\/cookies-policy\/","og_locale":"en_US","og_type":"article","og_title":"Pol\u00edtica de cookies - SASCO Experience","og_description":"Pol\u00edtica de cookies de SASCO Experience","og_url":"https:\/\/www.sascoexperience.com\/en\/cookies-policy\/","og_site_name":"SASCO Experience","article_modified_time":"2023-11-05T16:42:42+00:00","twitter_card":"summary_large_image","schema":{"@context":"https:\/\/schema.org","@graph":[{"@type":"WebPage","@id":"https:\/\/www.sascoexperience.com\/politica-de-cookies\/","url":"https:\/\/www.sascoexperience.com\/politica-de-cookies\/","name":"Cookie Policy - SASCO Experience","isPartOf":{"@id":"https:\/\/www.sascoexperience.com\/#website"},"datePublished":"2023-03-01T13:03:52+00:00","dateModified":"2023-11-05T16:42:42+00:00","description":"SASCO Experience Cookie Policy","breadcrumb":{"@id":"https:\/\/www.sascoexperience.com\/politica-de-cookies\/#breadcrumb"},"inLanguage":"en-US","potentialAction":[{"@type":"ReadAction","target":["https:\/\/www.sascoexperience.com\/politica-de-cookies\/"]}]},{"@type":"BreadcrumbList","@id":"https:\/\/www.sascoexperience.com\/politica-de-cookies\/#breadcrumb","itemListElement":[{"@type":"ListItem","position":1,"name":"Inicio","item":"https:\/\/www.sascoexperience.com\/"},{"@type":"ListItem","position":2,"name":"Pol\u00edtica de cookies"}]},{"@type":"WebSite","@id":"https:\/\/www.sascoexperience.com\/#website","url":"https:\/\/www.sascoexperience.com\/","name":"SASCO Experience","description":"Ski &amp; bike sales, repairs and rentals","publisher":{"@id":"https:\/\/www.sascoexperience.com\/#organization"},"potentialAction":[{"@type":"SearchAction","target":{"@type":"EntryPoint","urlTemplate":"https:\/\/www.sascoexperience.com\/?s={search_term_string}"},"query-input":{"@type":"PropertyValueSpecification","valueRequired":true,"valueName":"search_term_string"}}],"inLanguage":"en-US"},{"@type":"Organization","@id":"https:\/\/www.sascoexperience.com\/#organization","name":"SASCO Experience","url":"https:\/\/www.sascoexperience.com\/","logo":{"@type":"ImageObject","inLanguage":"en-US","@id":"https:\/\/www.sascoexperience.com\/#\/schema\/logo\/image\/","url":"https:\/\/www.sascoexperience.com\/wp-content\/uploads\/2023\/12\/logocolor.png","contentUrl":"https:\/\/www.sascoexperience.com\/wp-content\/uploads\/2023\/12\/logocolor.png","width":1100,"height":906,"caption":"SASCO Experience"},"image":{"@id":"https:\/\/www.sascoexperience.com\/#\/schema\/logo\/image\/"},"sameAs":["https:\/\/www.instagram.com\/sascoexperience\/"]}]}},"_links":{"self":[{"href":"https:\/\/www.sascoexperience.com\/en\/wp-json\/wp\/v2\/pages\/88","targetHints":{"allow":["GET"]}}],"collection":[{"href":"https:\/\/www.sascoexperience.com\/en\/wp-json\/wp\/v2\/pages"}],"about":[{"href":"https:\/\/www.sascoexperience.com\/en\/wp-json\/wp\/v2\/types\/page"}],"author":[{"embeddable":true,"href":"https:\/\/www.sascoexperience.com\/en\/wp-json\/wp\/v2\/users\/1"}],"replies":[{"embeddable":true,"href":"https:\/\/www.sascoexperience.com\/en\/wp-json\/wp\/v2\/comments?post=88"}],"version-history":[{"count":1,"href":"https:\/\/www.sascoexperience.com\/en\/wp-json\/wp\/v2\/pages\/88\/revisions"}],"predecessor-version":[{"id":396,"href":"https:\/\/www.sascoexperience.com\/en\/wp-json\/wp\/v2\/pages\/88\/revisions\/396"}],"wp:attachment":[{"href":"https:\/\/www.sascoexperience.com\/en\/wp-json\/wp\/v2\/media?parent=88"}],"curies":[{"name":"wp","href":"https:\/\/api.w.org\/{rel}","templated":true}]}}